{"id":19,"date":"2019-08-26T15:20:21","date_gmt":"2019-08-26T13:20:21","guid":{"rendered":"https:\/\/www.pflegedienst-reichenbach.de\/?page_id=19"},"modified":"2023-08-15T15:29:12","modified_gmt":"2023-08-15T13:29:12","slug":"unser-pflegedienst","status":"publish","type":"page","link":"https:\/\/www.pflegedienst-reichenbach.de\/index.php\/unser-pflegedienst\/","title":{"rendered":"Unser Pflegedienst"},"content":{"rendered":"\n<div class=\"wp-block-columns has-2-columns is-layout-flex wp-container-core-columns-is-layout-28f84493 wp-block-columns-is-layout-flex\">\n<div class=\"wp-block-column is-layout-flow wp-block-column-is-layout-flow\">\n<h2 class=\"wp-block-heading\">Pflegeleitbild des Pflegedienstes Reichenbach<\/h2>\n\n\n\n<blockquote class=\"wp-block-quote is-style-default is-layout-flow wp-block-quote-is-layout-flow\">\n<p>Die W\u00fcrde des Menschen ist unantastbar <\/p>\n<cite>( Grundgesetz der Bundesrepublik Deutschland, Art.1 )<\/cite><\/blockquote>\n\n\n\n<div style=\"height:30px\" aria-hidden=\"true\" class=\"wp-block-spacer\"><\/div>\n\n\n\n<p class=\"has-normal-font-size\">Dieser Leitsatz des Pflegedienstes Reichenbach, der Artikel 1 des Grundgesetzes der Bundesrepublik Deutschland, beschreibt f\u00fcr uns eine Selbstverst\u00e4ndlichkeit.  <br>Wir sehen jeden Menschen als eine selbstbestimmende Pers\u00f6nlichkeit und respektieren deren W\u00fcnsche unter Einhaltung des Datenschutzes mit W\u00fcrde und Respekt. <\/p>\n\n\n\n<p class=\"has-normal-font-size\">Die Grundlage unserer pflegerischen Arbeit ist die umfassende Versorgung unserer Patienten unter Einbeziehung ihrer individuellen, kulturellen und sozialen Bed\u00fcrfnisse. Es ist uns ein Anliegen, da\u00df die Unterst\u00fctzung, die wir f\u00fcr unsere Patienten anbieten, dazu beitr\u00e4gt, deren Lebensqualit\u00e4t zu verbessern und das Wohlbefinden zu stabilisieren. Unser Bestreben ist es, eine vertrauensvolle und verst\u00e4ndnisvolle Basis zwischen allen an der Pflege beteiligten Personen zu schaffen. Betroffene Menschen und ihre Angeh\u00f6rigen befinden sich meist in einer belasteten Lebensphase, wobei unsere Begleitung und Beratung sowie eine gute Zusammenarbeit f\u00fcr Sicherheit und Entlastung sorgen.<\/p>\n<\/div>\n\n\n\n<div class=\"wp-block-column is-layout-flow wp-block-column-is-layout-flow\">\n<div style=\"padding-bottom:30%;padding-top:30%;margin-top:3%\" class=\"wp-block-genesis-blocks-gb-container gb-block-container\"><div class=\"gb-container-inside\"><div class=\"gb-container-image-wrap\"><img decoding=\"async\" class=\"gb-container-image has-background-dim-100 has-background-dim\" src=\"https:\/\/www.pflegedienst-reichenbach.de\/wp-content\/uploads\/2019\/08\/Pflegeleitbild.jpg\" alt=\"Pflegeleitbild\"\/><\/div><div class=\"gb-container-content\" style=\"max-width:660px\">\n<p><\/p>\n\n\n\n<p><\/p>\n\n\n\n<p><\/p>\n\n\n\n<p><\/p>\n\n\n\n<p><\/p>\n\n\n\n<p><\/p>\n\n\n\n<p><\/p>\n<\/div><\/div><\/div>\n<\/div>\n<\/div>\n\n\n\n<div class=\"wp-block-columns has-2-columns is-layout-flex wp-container-core-columns-is-layout-28f84493 wp-block-columns-is-layout-flex\">\n<div class=\"wp-block-column is-layout-flow wp-block-column-is-layout-flow\">\n<div style=\"background-color:#a4dbdc;padding-bottom:27%;padding-top:27.5%\" class=\"wp-block-genesis-blocks-gb-container gb-block-container\"><div class=\"gb-container-inside\"><div class=\"gb-container-content\" style=\"max-width:660px\">\n<p><\/p>\n<\/div><\/div><\/div>\n<\/div>\n\n\n\n<div class=\"wp-block-column is-layout-flow wp-block-column-is-layout-flow\">\n<p class=\"has-normal-font-size\">Gute Pflege bedeutet auch Ressourcen auszusch\u00f6pfen und aktivierende Hilfestellung zu geben, um die Lebensqualit\u00e4t langfristig erhalten zu k\u00f6nnen. Deshalb soll Pflege mit ihren Werten und Handlungszielen transparent dargestellt sein. Dies erm\u00f6glicht eine ideale Pflegesituation. Nur durch gemeinsames, abgestimmtes Handeln, kann unsere Pflegequalit\u00e4t stetig steigen. Diese Vors\u00e4tze und ihre konsequente Umsetzung hat unser Unternehmen zu dem gemacht was es heute ist. <br><strong>Ein Unternehmen mit Menschen f\u00fcr Menschen.<\/strong><\/p>\n\n\n\n<p class=\"has-normal-font-size\">Pflege als Dienstleistung f\u00fcr Menschen ben\u00f6tigt klare Organisationsformen.                        Alles, was uns im Umgang mit unseren Patienten bekannt wird sammeln wir als strukturierte Information um herauszufinden, wo welche unterst\u00fctzende Hilfe  notwendig wird. So k\u00f6nnen wir die Pflege an die individuellen W\u00fcnsche anpassen.  Im Vordergrund steht f\u00fcr uns das Wohlbefinden jedes Patienten, dies ist der Kern unseres Pflegekonzeptes. So k\u00f6nnen wir  Lebensfreude auch in schwierigen Lebenssituationen schaffen.<\/p>\n<\/div>\n<\/div>\n\n\n\n<hr class=\"wp-block-separator has-css-opacity\"\/>\n\n\n\n<div class=\"wp-block-columns has-2-columns is-layout-flex wp-container-core-columns-is-layout-28f84493 wp-block-columns-is-layout-flex\">\n<div class=\"wp-block-column is-layout-flow wp-block-column-is-layout-flow\">\n<div class=\"slogan links\">\n<h2 style=\"font-size:30px; color:#424A59;\">\n<span class=\"slogan-mobile\">Zusammenarbeit und Team<\/span><\/h2><span style=\"background:#00999c\"><\/span><\/div>\n\t\n\t\n\n\n<p class=\"has-normal-font-size\">Der Pflegedienst Reichenbach soll mehr sein als ein dynamisches Team aus examinierten Krankenpflegepersonal, Altenpfleger\/innen  sowie aus geschulten Betreuungskr\u00e4ften und hauswirtschaftlichen Mitarbeitern.    <br>\nUnser Ziel ist es, das sich Mitarbeiter mit unseren Pflegedienst verbunden f\u00fchlen und gerne \u00fcber uns sprechen. Gute  Zusammenarbeit im Team ist uns sehr wichtig und hat eine positive Auswirkung auf ein stressfreies und angenehmes Arbeitsklima. <br>\nWir achten auf konstruktive Kritik und ein ehrliches und offenes Miteinander. <br>\nNur zufriedene und motivierte Mitarbeiter k\u00f6nnen qualitativ gute Arbeit leisten und somit k\u00f6nnen wir die W\u00fcnsche unserer Patienten und ihrer Angeh\u00f6rigen erf\u00fcllen. <\/p>\n\n\n\n<p class=\"has-normal-font-size\">Unsere Mitarbeiter sind uns wertvoll, dies m\u00f6chten wir bewahren um die hohen Anforderungen in der ambulanten Pflege t\u00e4glich meistern zu k\u00f6nnen.<br>\nWir halten an einem fairen und gleichberechtigten Umgang unserer Mitarbeiter fest. Ehrlichkeit und Vertrauen untereinander wird bei uns gro\u00df geschrieben. <br>\nMenschen mit einer wertsch\u00e4tzenden Grundhaltung,  Bereitschaft zur pers\u00f6nlichen Weiterentwicklung  und Aufgeschlossenheit gegen\u00fcber anderen Menschen sind bei uns im Team herzlich willkommen.<\/p>\n<\/div>\n\n\n\n<div class=\"wp-block-column is-layout-flow wp-block-column-is-layout-flow\">\n<div style=\"padding-bottom:30%;padding-top:30%;margin-top:4%\" class=\"wp-block-genesis-blocks-gb-container gb-block-container\"><div class=\"gb-container-inside\"><div class=\"gb-container-image-wrap\"><img decoding=\"async\" class=\"gb-container-image has-background-dim-100 has-background-dim\" src=\"https:\/\/www.pflegedienst-reichenbach.de\/wp-content\/uploads\/2019\/08\/Teamarbeit.jpg\" alt=\"Teamarbeit\"\/><\/div><div class=\"gb-container-content\" style=\"max-width:660px\">\n<p><\/p>\n\n\n\n<p><\/p>\n\n\n\n<p><\/p>\n\n\n\n<p><\/p>\n\n\n\n<p><\/p>\n\n\n\n<p><\/p>\n\n\n\n<p><\/p>\n\n\n\n<p><\/p>\n\n\n\n<p><\/p>\n\n\n\n<p><\/p>\n\n\n\n<p><\/p>\n\n\n\n<p><\/p>\n<\/div><\/div><\/div>\n<\/div>\n<\/div>\n\n\n\n<hr class=\"wp-block-separator has-css-opacity\"\/>\n\n\n\n<div class=\"wp-block-columns has-2-columns is-layout-flex wp-container-core-columns-is-layout-28f84493 wp-block-columns-is-layout-flex\">\n<div class=\"wp-block-column is-layout-flow wp-block-column-is-layout-flow\">\n<div style=\"background-color:#a4dbdc;padding-bottom:25%;padding-top:25%;margin-top:4%\" class=\"wp-block-genesis-blocks-gb-container gb-block-container\"><div class=\"gb-container-inside\"><div class=\"gb-container-content\" style=\"max-width:660px\">\n<p><\/p>\n<\/div><\/div><\/div>\n<\/div>\n\n\n\n<div class=\"wp-block-column is-layout-flow wp-block-column-is-layout-flow\">\n<div class=\"slogan links\">\n<h2 style=\"font-size:30px; color:#424A59;\">\n<span class=\"slogan-mobile\">Qualit\u00e4t und Vertrauen  <\/span><\/h2><span style=\"background:#00999c\"><\/span><\/div>\n\t\n\t\n\n\n<p class=\"has-normal-font-size\">Ob Sie selbst pflegebed\u00fcrftig sind oder als Angeh\u00f6riger das Beste f\u00fcr \nden Ihnen anvertrauten Menschen w\u00fcnschen, unser Team wird sich stets \nbem\u00fchen, ein gutes Vertrauensverh\u00e4ltnis aufzubauen, um Sie bestm\u00f6glich \nzu unterst\u00fctzen.<br>Mitarbeiter werden \nindividuell in ihren Fachbereichen geschult und wachsen an ihren \nAufgaben. Die Pflegequalit\u00e4t entsteht mit Ihrem Wissen und Ihren \nF\u00e4higkeiten.                                             <br>Wir wertsch\u00e4tzen die Leistungen pflegender Angeh\u00f6riger sehr und sind dankbar f\u00fcr ihre Mithilfe.<br>Gibt\n es Probleme, werden diese ernst genommen und vertrauensvoll gekl\u00e4rt.   \n                                                                        \n                                                                        \n                                                                        \n                                                                        \n                                                                        \n               <br><strong>\u201eWir h\u00f6ren Ihnen zu und sind f\u00fcr Sie da.\u201c<\/strong><\/p>\n<\/div>\n<\/div>\n\n\n\n<hr class=\"wp-block-separator has-css-opacity\"\/>\n\n\n\n<div class=\"wp-block-columns has-2-columns is-layout-flex wp-container-core-columns-is-layout-28f84493 wp-block-columns-is-layout-flex\">\n<div class=\"wp-block-column is-layout-flow wp-block-column-is-layout-flow\">\n<div class=\"slogan links\">\n<h2 style=\"font-size:30px; color:#424A59;\">\n<span class=\"slogan-mobile\">W\u00fcrde und Autonomie <\/span><\/h2><span style=\"background:#00999c\"><\/span><\/div>\n\t\n\t\n\n\n<p class=\"has-normal-font-size\">Unser Anliegen ist es, pflegebed\u00fcrftige Menschen jeden Alters und krankheitsbedingter Einschr\u00e4nkung in ihrer vertrauten Umgebung bestm\u00f6glich zu versorgen.<br>Die Pflege im eigenen Zuhause vermittelt Sicherheit und bedeutet somit Vertrautheit und Lebensqualit\u00e4t.<\/p>\n\n\n\n<p class=\"has-normal-font-size\">Der Ambulante Pflegedienst Reichenbach unterst\u00fctzt sie mit Pflege und Betreuung in allen Bereichen und sorgt somit f\u00fcr einen selbstbestimmenden, w\u00fcrdevollen Lebensweg in ihrer vertrauten Umgebung.<\/p>\n<\/div>\n\n\n\n<div class=\"wp-block-column is-layout-flow wp-block-column-is-layout-flow\">\n<div style=\"padding-bottom:22%;padding-top:22%;margin-top:4%\" class=\"wp-block-genesis-blocks-gb-container gb-block-container\"><div class=\"gb-container-inside\"><div class=\"gb-container-image-wrap\"><img decoding=\"async\" class=\"gb-container-image has-background-dim-100 has-background-dim\" src=\"https:\/\/www.pflegedienst-reichenbach.de\/wp-content\/uploads\/2019\/08\/Wuerde.jpg\" alt=\"W\u00fcrde und Autonomie\"\/><\/div><div class=\"gb-container-content\" style=\"max-width:660px\">\n<p><\/p>\n<\/div><\/div><\/div>\n<\/div>\n<\/div>\n\n\n\n<div style=\"height:50px\" aria-hidden=\"true\" class=\"wp-block-spacer\"><\/div>\n","protected":false},"excerpt":{"rendered":"<p>Pflegeleitbild des Pflegedienstes Reichenbach Die W\u00fcrde des Menschen ist unantastbar Dieser Leitsatz des Pflegedienstes Reichenbach, der Artikel 1 des Grundgesetzes der Bundesrepublik Deutschland, beschreibt f\u00fcr uns [&#8230;] <\/p>\n","protected":false},"author":1,"featured_media":0,"parent":0,"menu_order":0,"comment_status":"closed","ping_status":"closed","template":"page-fullwidth.php","meta":{"footnotes":""},"class_list":["post-19","page","type-page","status-publish","hentry"],"yoast_head":"<!-- This site is optimized with the Yoast SEO plugin v24.0 - https:\/\/yoast.com\/wordpress\/plugins\/seo\/ -->\n<title>Unser Pflegedienst - Pflegedienst Reichenbach GmbH<\/title>\n<meta name=\"robots\" content=\"index, follow, max-snippet:-1, max-image-preview:large, max-video-preview:-1\" \/>\n<link rel=\"canonical\" href=\"https:\/\/www.pflegedienst-reichenbach.de\/index.php\/unser-pflegedienst\/\" \/>\n<meta property=\"og:locale\" content=\"de_DE\" \/>\n<meta property=\"og:type\" content=\"article\" \/>\n<meta property=\"og:title\" content=\"Unser Pflegedienst - Pflegedienst Reichenbach GmbH\" \/>\n<meta property=\"og:description\" content=\"Pflegeleitbild des Pflegedienstes Reichenbach Die W\u00fcrde des Menschen ist unantastbar Dieser Leitsatz des Pflegedienstes Reichenbach, der Artikel 1 des Grundgesetzes der Bundesrepublik Deutschland, beschreibt f\u00fcr uns [...]\" \/>\n<meta property=\"og:url\" content=\"https:\/\/www.pflegedienst-reichenbach.de\/index.php\/unser-pflegedienst\/\" \/>\n<meta property=\"og:site_name\" content=\"Pflegedienst Reichenbach GmbH\" \/>\n<meta property=\"article:modified_time\" content=\"2023-08-15T13:29:12+00:00\" \/>\n<meta property=\"og:image\" content=\"https:\/\/www.pflegedienst-reichenbach.de\/wp-content\/uploads\/2019\/08\/Pflegeleitbild.jpg\" \/>\n<meta name=\"twitter:card\" content=\"summary_large_image\" \/>\n<meta name=\"twitter:label1\" content=\"Gesch\u00e4tzte Lesezeit\" \/>\n\t<meta name=\"twitter:data1\" content=\"4\u00a0Minuten\" \/>\n<script type=\"application\/ld+json\" class=\"yoast-schema-graph\">{\"@context\":\"https:\/\/schema.org\",\"@graph\":[{\"@type\":\"WebPage\",\"@id\":\"https:\/\/www.pflegedienst-reichenbach.de\/index.php\/unser-pflegedienst\/\",\"url\":\"https:\/\/www.pflegedienst-reichenbach.de\/index.php\/unser-pflegedienst\/\",\"name\":\"Unser Pflegedienst - Pflegedienst Reichenbach GmbH\",\"isPartOf\":{\"@id\":\"https:\/\/www.pflegedienst-reichenbach.de\/#website\"},\"primaryImageOfPage\":{\"@id\":\"https:\/\/www.pflegedienst-reichenbach.de\/index.php\/unser-pflegedienst\/#primaryimage\"},\"image\":{\"@id\":\"https:\/\/www.pflegedienst-reichenbach.de\/index.php\/unser-pflegedienst\/#primaryimage\"},\"thumbnailUrl\":\"https:\/\/www.pflegedienst-reichenbach.de\/wp-content\/uploads\/2019\/08\/Pflegeleitbild.jpg\",\"datePublished\":\"2019-08-26T13:20:21+00:00\",\"dateModified\":\"2023-08-15T13:29:12+00:00\",\"breadcrumb\":{\"@id\":\"https:\/\/www.pflegedienst-reichenbach.de\/index.php\/unser-pflegedienst\/#breadcrumb\"},\"inLanguage\":\"de\",\"potentialAction\":[{\"@type\":\"ReadAction\",\"target\":[\"https:\/\/www.pflegedienst-reichenbach.de\/index.php\/unser-pflegedienst\/\"]}]},{\"@type\":\"ImageObject\",\"inLanguage\":\"de\",\"@id\":\"https:\/\/www.pflegedienst-reichenbach.de\/index.php\/unser-pflegedienst\/#primaryimage\",\"url\":\"https:\/\/www.pflegedienst-reichenbach.de\/wp-content\/uploads\/2019\/08\/Pflegeleitbild.jpg\",\"contentUrl\":\"https:\/\/www.pflegedienst-reichenbach.de\/wp-content\/uploads\/2019\/08\/Pflegeleitbild.jpg\",\"width\":660,\"height\":480,\"caption\":\"Pflegeleitbild\"},{\"@type\":\"BreadcrumbList\",\"@id\":\"https:\/\/www.pflegedienst-reichenbach.de\/index.php\/unser-pflegedienst\/#breadcrumb\",\"itemListElement\":[{\"@type\":\"ListItem\",\"position\":1,\"name\":\"Startseite\",\"item\":\"https:\/\/www.pflegedienst-reichenbach.de\/\"},{\"@type\":\"ListItem\",\"position\":2,\"name\":\"Unser Pflegedienst\"}]},{\"@type\":\"WebSite\",\"@id\":\"https:\/\/www.pflegedienst-reichenbach.de\/#website\",\"url\":\"https:\/\/www.pflegedienst-reichenbach.de\/\",\"name\":\"Pflegedienst Reichenbach GmbH\",\"description\":\"\u00dcber 30 Jahren f\u00fcr Sie unterwegs!\",\"potentialAction\":[{\"@type\":\"SearchAction\",\"target\":{\"@type\":\"EntryPoint\",\"urlTemplate\":\"https:\/\/www.pflegedienst-reichenbach.de\/?s={search_term_string}\"},\"query-input\":{\"@type\":\"PropertyValueSpecification\",\"valueRequired\":true,\"valueName\":\"search_term_string\"}}],\"inLanguage\":\"de\"}]}<\/script>\n<!-- \/ Yoast SEO plugin. -->","yoast_head_json":{"title":"Unser Pflegedienst - Pflegedienst Reichenbach GmbH","robots":{"index":"index","follow":"follow","max-snippet":"max-snippet:-1","max-image-preview":"max-image-preview:large","max-video-preview":"max-video-preview:-1"},"canonical":"https:\/\/www.pflegedienst-reichenbach.de\/index.php\/unser-pflegedienst\/","og_locale":"de_DE","og_type":"article","og_title":"Unser Pflegedienst - Pflegedienst Reichenbach GmbH","og_description":"Pflegeleitbild des Pflegedienstes Reichenbach Die W\u00fcrde des Menschen ist unantastbar Dieser Leitsatz des Pflegedienstes Reichenbach, der Artikel 1 des Grundgesetzes der Bundesrepublik Deutschland, beschreibt f\u00fcr uns [...]","og_url":"https:\/\/www.pflegedienst-reichenbach.de\/index.php\/unser-pflegedienst\/","og_site_name":"Pflegedienst Reichenbach GmbH","article_modified_time":"2023-08-15T13:29:12+00:00","og_image":[{"url":"https:\/\/www.pflegedienst-reichenbach.de\/wp-content\/uploads\/2019\/08\/Pflegeleitbild.jpg","type":"","width":"","height":""}],"twitter_card":"summary_large_image","twitter_misc":{"Gesch\u00e4tzte Lesezeit":"4\u00a0Minuten"},"schema":{"@context":"https:\/\/schema.org","@graph":[{"@type":"WebPage","@id":"https:\/\/www.pflegedienst-reichenbach.de\/index.php\/unser-pflegedienst\/","url":"https:\/\/www.pflegedienst-reichenbach.de\/index.php\/unser-pflegedienst\/","name":"Unser Pflegedienst - Pflegedienst Reichenbach GmbH","isPartOf":{"@id":"https:\/\/www.pflegedienst-reichenbach.de\/#website"},"primaryImageOfPage":{"@id":"https:\/\/www.pflegedienst-reichenbach.de\/index.php\/unser-pflegedienst\/#primaryimage"},"image":{"@id":"https:\/\/www.pflegedienst-reichenbach.de\/index.php\/unser-pflegedienst\/#primaryimage"},"thumbnailUrl":"https:\/\/www.pflegedienst-reichenbach.de\/wp-content\/uploads\/2019\/08\/Pflegeleitbild.jpg","datePublished":"2019-08-26T13:20:21+00:00","dateModified":"2023-08-15T13:29:12+00:00","breadcrumb":{"@id":"https:\/\/www.pflegedienst-reichenbach.de\/index.php\/unser-pflegedienst\/#breadcrumb"},"inLanguage":"de","potentialAction":[{"@type":"ReadAction","target":["https:\/\/www.pflegedienst-reichenbach.de\/index.php\/unser-pflegedienst\/"]}]},{"@type":"ImageObject","inLanguage":"de","@id":"https:\/\/www.pflegedienst-reichenbach.de\/index.php\/unser-pflegedienst\/#primaryimage","url":"https:\/\/www.pflegedienst-reichenbach.de\/wp-content\/uploads\/2019\/08\/Pflegeleitbild.jpg","contentUrl":"https:\/\/www.pflegedienst-reichenbach.de\/wp-content\/uploads\/2019\/08\/Pflegeleitbild.jpg","width":660,"height":480,"caption":"Pflegeleitbild"},{"@type":"BreadcrumbList","@id":"https:\/\/www.pflegedienst-reichenbach.de\/index.php\/unser-pflegedienst\/#breadcrumb","itemListElement":[{"@type":"ListItem","position":1,"name":"Startseite","item":"https:\/\/www.pflegedienst-reichenbach.de\/"},{"@type":"ListItem","position":2,"name":"Unser Pflegedienst"}]},{"@type":"WebSite","@id":"https:\/\/www.pflegedienst-reichenbach.de\/#website","url":"https:\/\/www.pflegedienst-reichenbach.de\/","name":"Pflegedienst Reichenbach GmbH","description":"\u00dcber 30 Jahren f\u00fcr Sie unterwegs!","potentialAction":[{"@type":"SearchAction","target":{"@type":"EntryPoint","urlTemplate":"https:\/\/www.pflegedienst-reichenbach.de\/?s={search_term_string}"},"query-input":{"@type":"PropertyValueSpecification","valueRequired":true,"valueName":"search_term_string"}}],"inLanguage":"de"}]}},"featured_image_src":null,"featured_image_src_square":null,"_links":{"self":[{"href":"https:\/\/www.pflegedienst-reichenbach.de\/index.php\/wp-json\/wp\/v2\/pages\/19","targetHints":{"allow":["GET"]}}],"collection":[{"href":"https:\/\/www.pflegedienst-reichenbach.de\/index.php\/wp-json\/wp\/v2\/pages"}],"about":[{"href":"https:\/\/www.pflegedienst-reichenbach.de\/index.php\/wp-json\/wp\/v2\/types\/page"}],"author":[{"embeddable":true,"href":"https:\/\/www.pflegedienst-reichenbach.de\/index.php\/wp-json\/wp\/v2\/users\/1"}],"replies":[{"embeddable":true,"href":"https:\/\/www.pflegedienst-reichenbach.de\/index.php\/wp-json\/wp\/v2\/comments?post=19"}],"version-history":[{"count":27,"href":"https:\/\/www.pflegedienst-reichenbach.de\/index.php\/wp-json\/wp\/v2\/pages\/19\/revisions"}],"predecessor-version":[{"id":3217,"href":"https:\/\/www.pflegedienst-reichenbach.de\/index.php\/wp-json\/wp\/v2\/pages\/19\/revisions\/3217"}],"wp:attachment":[{"href":"https:\/\/www.pflegedienst-reichenbach.de\/index.php\/wp-json\/wp\/v2\/media?parent=19"}],"curies":[{"name":"wp","href":"https:\/\/api.w.org\/{rel}","templated":true}]}}