{"id":17,"date":"2019-08-26T15:20:03","date_gmt":"2019-08-26T13:20:03","guid":{"rendered":"https:\/\/www.pflegedienst-reichenbach.de\/?page_id=17"},"modified":"2023-08-15T15:29:12","modified_gmt":"2023-08-15T13:29:12","slug":"unser-leistungsspektrum","status":"publish","type":"page","link":"https:\/\/www.pflegedienst-reichenbach.de\/index.php\/unser-leistungsspektrum\/","title":{"rendered":"Unser Leistungsspektrum"},"content":{"rendered":"\n<p>Der Pflegedienst Reichenbach steht f\u00fcr ein umfassendes Angebot und \u00fcberzeugt seine Patienten durch Leistung, Kompetenz und Menschlichkeit!<\/p>\n\n\n\n<p>Dazu geh\u00f6ren:<\/p>\n\n\n\n<ul class=\"wp-block-list\">\n<li> die eigenst\u00e4ndige Erf\u00fcllung unserer Aufgaben unter genauer Beachtung aller vom Gesetzgeber vorgeschriebenen Richtlinien<\/li>\n\n\n\n<li> das Einsch\u00e4tzen der individuellen Pflegesituation<\/li>\n\n\n\n<li> die Leistungsabrechnung mit der zust\u00e4ndigen Pflegekasse und die vorherige Erstellung der Kostenvoranschl\u00e4ge mit dem entsprechenden, transparenten Pflegevertrag.<\/li>\n\n\n\n<li> die Unterst\u00fctzung bei der Antragsstellung und die Begleitung w\u00e4hrend des Begutachtungsverfahrens.<\/li>\n\n\n\n<li> Die 24-Stunden-Einsatzbereitschaft bei Notf\u00e4llen \/ Hausnotruf<\/li>\n<\/ul>\n\n\n\n<div style=\"height:30px\" aria-hidden=\"true\" class=\"wp-block-spacer\"><\/div>\n\n\n\n<div class=\"slogan links\">\n<h2 style=\"font-size:30px; color:#424A59;\">\n<span class=\"slogan-mobile\">Unsere Leistungen:<\/span><\/h2><span style=\"background:#00999c\"><\/span><\/div>\n\t\n\t\n\n\n<div class=\"wp-block-columns has-2-columns is-layout-flex wp-container-core-columns-is-layout-28f84493 wp-block-columns-is-layout-flex\">\n<div class=\"wp-block-column is-layout-flow wp-block-column-is-layout-flow\">\n<div style=\"background-color:#eeeeee;padding-left:2%;padding-right:2%;padding-bottom:2%;padding-top:2%;margin-top:1%;margin-bottom:2%\" class=\"wp-block-genesis-blocks-gb-container gb-block-container\"><div class=\"gb-container-inside\"><div class=\"gb-container-content\" style=\"max-width:900px\">\n<h3 class=\"wp-block-heading\"><span style=\"color:#00999c\" class=\"tadv-color\">Pflegeberatung<\/span><\/h3>\n\n\n\n<p>Durch eine gute Pflegeberatung m\u00f6chten wir f\u00fcr den Pflegeprozess, der in seinem Verlauf oftmals sehr belastend f\u00fcr den Patienten und deren Angeh\u00f6rige ist, eine hilfreiche Unterst\u00fctzung bieten. Gemeinsam k\u00f6nnen wir Ihre W\u00fcnsche an die aktuelle Lebenssituation anpassen und L\u00f6sungen f\u00fcr ein Pflegekonzept finden. Wir geben Hinweise auf Pflegehilfsmittel, die Ihnen den Alltag erleichtern und f\u00fchren Beratungen f\u00fcr Sie und Ihre Angeh\u00f6rigen durch.                                             <br>\nPflegeberatungsbesuche k\u00f6nnen nach \u00a737.3 SGB XI mit dem Leistungstr\u00e4ger abgerechnet werden.<\/p>\n<\/div><\/div><\/div>\n<\/div>\n\n\n\n<div class=\"wp-block-column is-layout-flow wp-block-column-is-layout-flow\">\n<div style=\"padding-left:2%;padding-right:2%;padding-bottom:2%;padding-top:2%;margin-top:1%;margin-bottom:2%\" class=\"wp-block-genesis-blocks-gb-container gb-block-container\"><div class=\"gb-container-inside\"><div class=\"gb-container-content\" style=\"max-width:900px\">\n<h3 class=\"wp-block-heading\"><span style=\"color:#00999c\" class=\"tadv-color\">Grundpflege<\/span><\/h3>\n\n\n\n<p>Leistungen der Grundpflege werden \u00fcber die Pflegekassen bis zum jeweiligen Verg\u00fctungssatz abgerechnet, sobald die Einstufung in einen Pflegegrad erfolgt ist.<\/p>\n\n\n\n<p>Grundpflege umfasst die Hilfe bei der K\u00f6rperpflege, der Mobilit\u00e4t und bei der                   Nahrungsaufnahme, wobei die F\u00f6rderung der Ressourcen einen Schwerpunkt darstellt.<br>Oft wirft dieser Bereich der ganzheitlichen Grundpflege viele Fragen auf.<br>Gerne beraten wir Sie diesbez\u00fcglich.<\/p>\n<\/div><\/div><\/div>\n<\/div>\n<\/div>\n\n\n\n<div class=\"wp-block-columns has-2-columns is-layout-flex wp-container-core-columns-is-layout-28f84493 wp-block-columns-is-layout-flex\">\n<div class=\"wp-block-column is-layout-flow wp-block-column-is-layout-flow\">\n<div style=\"padding-left:2%;padding-right:2%;padding-bottom:2%;padding-top:2%;margin-top:1%;margin-bottom:2%\" class=\"wp-block-genesis-blocks-gb-container gb-block-container\"><div class=\"gb-container-inside\"><div class=\"gb-container-content\" style=\"max-width:900px\">\n<h3 class=\"wp-block-heading\"><span style=\"color:#00999c\" class=\"tadv-color\">Behandlungspflege<\/span><\/h3>\n\n\n\n<p>Eine Behandlungspflege nach SGB V wird \u00fcber den Haus- oder Facharzt verordnet und von den Krankenkassen genehmigt und verg\u00fctet.<br>\nBehandlungspflege umfasst  alle medizinischen Leistungen wie z. B. Medikamente herrichten, Medikamentengabe, Blutdruck- und Blutzuckerkontrollen, Injektionen, Infusionen, umfassende Wundversorgungen u.v.m.         <br>\nVon gro\u00dfer Wichtigkeit ist uns eine gute Zusammenarbeit mit Ihren \u00c4rzten. <\/p>\n\n\n\n<div style=\"height:20px\" aria-hidden=\"true\" class=\"wp-block-spacer\"><\/div>\n\n\n\n<figure class=\"wp-block-image\"><img loading=\"lazy\" decoding=\"async\" width=\"660\" height=\"216\" src=\"https:\/\/www.pflegedienst-reichenbach.de\/wp-content\/uploads\/2019\/08\/Behandlungspflege-e1566895181907.jpg\" alt=\"Blutdruckmessung\" class=\"wp-image-38\" srcset=\"https:\/\/www.pflegedienst-reichenbach.de\/wp-content\/uploads\/2019\/08\/Behandlungspflege-e1566895181907.jpg 660w, https:\/\/www.pflegedienst-reichenbach.de\/wp-content\/uploads\/2019\/08\/Behandlungspflege-e1566895181907-300x98.jpg 300w, https:\/\/www.pflegedienst-reichenbach.de\/wp-content\/uploads\/2019\/08\/Behandlungspflege-e1566895181907-305x100.jpg 305w, https:\/\/www.pflegedienst-reichenbach.de\/wp-content\/uploads\/2019\/08\/Behandlungspflege-e1566895181907-430x141.jpg 430w\" sizes=\"auto, (max-width: 660px) 100vw, 660px\" \/><\/figure>\n\n\n\n<p><\/p>\n<\/div><\/div><\/div>\n<\/div>\n\n\n\n<div class=\"wp-block-column is-layout-flow wp-block-column-is-layout-flow\">\n<div style=\"background-color:#eeeeee;padding-left:2%;padding-right:2%;padding-bottom:2.5%;padding-top:2.5%;margin-top:1%;margin-bottom:2%\" class=\"wp-block-genesis-blocks-gb-container gb-block-container\"><div class=\"gb-container-inside\"><div class=\"gb-container-content\" style=\"max-width:900px\">\n<h3 class=\"wp-block-heading\"><span style=\"color:#00999c\" class=\"tadv-color\">Betreuung<\/span><\/h3>\n\n\n\n<p>Betreuungs- und Entlastungsleistungen werden von der Pflegekasse \nmonatlich bis 125,- Euro \u00fcbernommen und k\u00f6nnen von jedem Patienten mit \nPflegegrad 1-5  ausgesch\u00f6pft werden.<br>Wenn\n der Alltag f\u00fcr alte und kranke Menschen ohne Hilfe von Angeh\u00f6rigen, \nNachbarn und Freunden nicht mehr zu bew\u00e4ltigen ist, setzt sich in \nmanchen Pflegehaushalten die Versorgung aus ambulantem Pflegedienst und \nanderen Pflegepersonen zusammen.                               <br>Unentbehrlich\n wird die Betreuung bei alleinstehenden und dementiell Erkrankten. Hier \nkann der Pflegedienst auch Stundenweise unterst\u00fctzend helfen. Wir bieten\n u.a. Betreuung, Besch\u00e4ftigung und Spazierg\u00e4nge an. Ohne die \nvielf\u00e4ltigen Leistungen der ambulanten Pflege w\u00e4re es f\u00fcr viele \npflegebed\u00fcrftige Menschen nicht m\u00f6glich weiter in ihrer vertrauten \nUmgebung zu leben. <br><strong>Ambulant vor Station\u00e4r<\/strong><\/p>\n<\/div><\/div><\/div>\n<\/div>\n<\/div>\n\n\n\n<div class=\"wp-block-columns has-2-columns is-layout-flex wp-container-core-columns-is-layout-28f84493 wp-block-columns-is-layout-flex\">\n<div class=\"wp-block-column is-layout-flow wp-block-column-is-layout-flow\">\n<div style=\"background-color:#eeeeee;padding-left:2%;padding-right:2%;padding-bottom:2%;padding-top:2%;margin-top:1%;margin-bottom:2%\" class=\"wp-block-genesis-blocks-gb-container gb-block-container\"><div class=\"gb-container-inside\"><div class=\"gb-container-content\" style=\"max-width:900px\">\n<h3 class=\"wp-block-heading\"><span style=\"color:#00999c\" class=\"tadv-color\">Verhinderungspflege<\/span><\/h3>\n\n\n\n<p>Hier steht f\u00fcr jeden Pflegebed\u00fcrftigen j\u00e4hrlich ein Budget zu Verf\u00fcgung. Ist die Pflegeperson verhindert z.B. durch Urlaub, Krankheit oder einfach nur f\u00fcr eine Auszeit, kann zur Versorgung des Pflegebed\u00fcrftigen der ambulante Pflegedienst in Anspruch genommen werden. Bei Interesse sprechen Sie uns einfach an, wir beraten sie gern.<\/p>\n<\/div><\/div><\/div>\n<\/div>\n\n\n\n<div class=\"wp-block-column is-layout-flow wp-block-column-is-layout-flow\">\n<div style=\"padding-left:2%;padding-right:2%;padding-bottom:2%;padding-top:2%;margin-top:1%;margin-bottom:2%\" class=\"wp-block-genesis-blocks-gb-container gb-block-container\"><div class=\"gb-container-inside\"><div class=\"gb-container-content\" style=\"max-width:900px\">\n<h3 class=\"wp-block-heading\"><span style=\"color:#00999c\" class=\"tadv-color\">Hauswirtschaft<\/span><\/h3>\n\n\n\n<p>Mit  zunehmendem Alter kann die Haushaltsf\u00fchrung zur Belastung werden, jedoch m\u00f6chte sich jeder Mensch in seinem eigenem Umfeld  wohlf\u00fchlen. Wir unterst\u00fctzen Sie z. B. bei der Reinigung Ihrer Wohnung und bei Ihren Eink\u00e4ufen.<\/p>\n<\/div><\/div><\/div>\n<\/div>\n<\/div>\n\n\n\n<div style=\"height:50px\" aria-hidden=\"true\" class=\"wp-block-spacer\"><\/div>\n","protected":false},"excerpt":{"rendered":"<p>Der Pflegedienst Reichenbach steht f\u00fcr ein umfassendes Angebot und \u00fcberzeugt seine Patienten durch Leistung, Kompetenz und Menschlichkeit! Dazu geh\u00f6ren:<\/p>\n","protected":false},"author":1,"featured_media":0,"parent":0,"menu_order":0,"comment_status":"closed","ping_status":"closed","template":"page-fullwidth.php","meta":{"footnotes":""},"class_list":["post-17","page","type-page","status-publish","hentry"],"yoast_head":"<!-- This site is optimized with the Yoast SEO plugin v24.0 - https:\/\/yoast.com\/wordpress\/plugins\/seo\/ -->\n<title>Unser Leistungsspektrum - Pflegedienst Reichenbach GmbH<\/title>\n<meta name=\"robots\" content=\"index, follow, max-snippet:-1, max-image-preview:large, max-video-preview:-1\" \/>\n<link rel=\"canonical\" href=\"https:\/\/www.pflegedienst-reichenbach.de\/index.php\/unser-leistungsspektrum\/\" \/>\n<meta property=\"og:locale\" content=\"de_DE\" \/>\n<meta property=\"og:type\" content=\"article\" \/>\n<meta property=\"og:title\" content=\"Unser Leistungsspektrum - Pflegedienst Reichenbach GmbH\" \/>\n<meta property=\"og:description\" content=\"Der Pflegedienst Reichenbach steht f\u00fcr ein umfassendes Angebot und \u00fcberzeugt seine Patienten durch Leistung, Kompetenz und Menschlichkeit! Dazu geh\u00f6ren:\" \/>\n<meta property=\"og:url\" content=\"https:\/\/www.pflegedienst-reichenbach.de\/index.php\/unser-leistungsspektrum\/\" \/>\n<meta property=\"og:site_name\" content=\"Pflegedienst Reichenbach GmbH\" \/>\n<meta property=\"article:modified_time\" content=\"2023-08-15T13:29:12+00:00\" \/>\n<meta property=\"og:image\" content=\"https:\/\/www.pflegedienst-reichenbach.de\/wp-content\/uploads\/2019\/08\/Behandlungspflege-e1566895181907.jpg\" \/>\n<meta name=\"twitter:card\" content=\"summary_large_image\" \/>\n<meta name=\"twitter:label1\" content=\"Gesch\u00e4tzte Lesezeit\" \/>\n\t<meta name=\"twitter:data1\" content=\"3\u00a0Minuten\" \/>\n<script type=\"application\/ld+json\" class=\"yoast-schema-graph\">{\"@context\":\"https:\/\/schema.org\",\"@graph\":[{\"@type\":\"WebPage\",\"@id\":\"https:\/\/www.pflegedienst-reichenbach.de\/index.php\/unser-leistungsspektrum\/\",\"url\":\"https:\/\/www.pflegedienst-reichenbach.de\/index.php\/unser-leistungsspektrum\/\",\"name\":\"Unser Leistungsspektrum - Pflegedienst Reichenbach GmbH\",\"isPartOf\":{\"@id\":\"https:\/\/www.pflegedienst-reichenbach.de\/#website\"},\"primaryImageOfPage\":{\"@id\":\"https:\/\/www.pflegedienst-reichenbach.de\/index.php\/unser-leistungsspektrum\/#primaryimage\"},\"image\":{\"@id\":\"https:\/\/www.pflegedienst-reichenbach.de\/index.php\/unser-leistungsspektrum\/#primaryimage\"},\"thumbnailUrl\":\"https:\/\/www.pflegedienst-reichenbach.de\/wp-content\/uploads\/2019\/08\/Behandlungspflege-e1566895181907.jpg\",\"datePublished\":\"2019-08-26T13:20:03+00:00\",\"dateModified\":\"2023-08-15T13:29:12+00:00\",\"breadcrumb\":{\"@id\":\"https:\/\/www.pflegedienst-reichenbach.de\/index.php\/unser-leistungsspektrum\/#breadcrumb\"},\"inLanguage\":\"de\",\"potentialAction\":[{\"@type\":\"ReadAction\",\"target\":[\"https:\/\/www.pflegedienst-reichenbach.de\/index.php\/unser-leistungsspektrum\/\"]}]},{\"@type\":\"ImageObject\",\"inLanguage\":\"de\",\"@id\":\"https:\/\/www.pflegedienst-reichenbach.de\/index.php\/unser-leistungsspektrum\/#primaryimage\",\"url\":\"https:\/\/www.pflegedienst-reichenbach.de\/wp-content\/uploads\/2019\/08\/Behandlungspflege-e1566895181907.jpg\",\"contentUrl\":\"https:\/\/www.pflegedienst-reichenbach.de\/wp-content\/uploads\/2019\/08\/Behandlungspflege-e1566895181907.jpg\",\"width\":660,\"height\":216,\"caption\":\"Blutdruckmessung\"},{\"@type\":\"BreadcrumbList\",\"@id\":\"https:\/\/www.pflegedienst-reichenbach.de\/index.php\/unser-leistungsspektrum\/#breadcrumb\",\"itemListElement\":[{\"@type\":\"ListItem\",\"position\":1,\"name\":\"Startseite\",\"item\":\"https:\/\/www.pflegedienst-reichenbach.de\/\"},{\"@type\":\"ListItem\",\"position\":2,\"name\":\"Unser Leistungsspektrum\"}]},{\"@type\":\"WebSite\",\"@id\":\"https:\/\/www.pflegedienst-reichenbach.de\/#website\",\"url\":\"https:\/\/www.pflegedienst-reichenbach.de\/\",\"name\":\"Pflegedienst Reichenbach GmbH\",\"description\":\"\u00dcber 30 Jahren f\u00fcr Sie unterwegs!\",\"potentialAction\":[{\"@type\":\"SearchAction\",\"target\":{\"@type\":\"EntryPoint\",\"urlTemplate\":\"https:\/\/www.pflegedienst-reichenbach.de\/?s={search_term_string}\"},\"query-input\":{\"@type\":\"PropertyValueSpecification\",\"valueRequired\":true,\"valueName\":\"search_term_string\"}}],\"inLanguage\":\"de\"}]}<\/script>\n<!-- \/ Yoast SEO plugin. -->","yoast_head_json":{"title":"Unser Leistungsspektrum - Pflegedienst Reichenbach GmbH","robots":{"index":"index","follow":"follow","max-snippet":"max-snippet:-1","max-image-preview":"max-image-preview:large","max-video-preview":"max-video-preview:-1"},"canonical":"https:\/\/www.pflegedienst-reichenbach.de\/index.php\/unser-leistungsspektrum\/","og_locale":"de_DE","og_type":"article","og_title":"Unser Leistungsspektrum - Pflegedienst Reichenbach GmbH","og_description":"Der Pflegedienst Reichenbach steht f\u00fcr ein umfassendes Angebot und \u00fcberzeugt seine Patienten durch Leistung, Kompetenz und Menschlichkeit! Dazu geh\u00f6ren:","og_url":"https:\/\/www.pflegedienst-reichenbach.de\/index.php\/unser-leistungsspektrum\/","og_site_name":"Pflegedienst Reichenbach GmbH","article_modified_time":"2023-08-15T13:29:12+00:00","og_image":[{"url":"https:\/\/www.pflegedienst-reichenbach.de\/wp-content\/uploads\/2019\/08\/Behandlungspflege-e1566895181907.jpg","type":"","width":"","height":""}],"twitter_card":"summary_large_image","twitter_misc":{"Gesch\u00e4tzte Lesezeit":"3\u00a0Minuten"},"schema":{"@context":"https:\/\/schema.org","@graph":[{"@type":"WebPage","@id":"https:\/\/www.pflegedienst-reichenbach.de\/index.php\/unser-leistungsspektrum\/","url":"https:\/\/www.pflegedienst-reichenbach.de\/index.php\/unser-leistungsspektrum\/","name":"Unser Leistungsspektrum - Pflegedienst Reichenbach GmbH","isPartOf":{"@id":"https:\/\/www.pflegedienst-reichenbach.de\/#website"},"primaryImageOfPage":{"@id":"https:\/\/www.pflegedienst-reichenbach.de\/index.php\/unser-leistungsspektrum\/#primaryimage"},"image":{"@id":"https:\/\/www.pflegedienst-reichenbach.de\/index.php\/unser-leistungsspektrum\/#primaryimage"},"thumbnailUrl":"https:\/\/www.pflegedienst-reichenbach.de\/wp-content\/uploads\/2019\/08\/Behandlungspflege-e1566895181907.jpg","datePublished":"2019-08-26T13:20:03+00:00","dateModified":"2023-08-15T13:29:12+00:00","breadcrumb":{"@id":"https:\/\/www.pflegedienst-reichenbach.de\/index.php\/unser-leistungsspektrum\/#breadcrumb"},"inLanguage":"de","potentialAction":[{"@type":"ReadAction","target":["https:\/\/www.pflegedienst-reichenbach.de\/index.php\/unser-leistungsspektrum\/"]}]},{"@type":"ImageObject","inLanguage":"de","@id":"https:\/\/www.pflegedienst-reichenbach.de\/index.php\/unser-leistungsspektrum\/#primaryimage","url":"https:\/\/www.pflegedienst-reichenbach.de\/wp-content\/uploads\/2019\/08\/Behandlungspflege-e1566895181907.jpg","contentUrl":"https:\/\/www.pflegedienst-reichenbach.de\/wp-content\/uploads\/2019\/08\/Behandlungspflege-e1566895181907.jpg","width":660,"height":216,"caption":"Blutdruckmessung"},{"@type":"BreadcrumbList","@id":"https:\/\/www.pflegedienst-reichenbach.de\/index.php\/unser-leistungsspektrum\/#breadcrumb","itemListElement":[{"@type":"ListItem","position":1,"name":"Startseite","item":"https:\/\/www.pflegedienst-reichenbach.de\/"},{"@type":"ListItem","position":2,"name":"Unser Leistungsspektrum"}]},{"@type":"WebSite","@id":"https:\/\/www.pflegedienst-reichenbach.de\/#website","url":"https:\/\/www.pflegedienst-reichenbach.de\/","name":"Pflegedienst Reichenbach GmbH","description":"\u00dcber 30 Jahren f\u00fcr Sie unterwegs!","potentialAction":[{"@type":"SearchAction","target":{"@type":"EntryPoint","urlTemplate":"https:\/\/www.pflegedienst-reichenbach.de\/?s={search_term_string}"},"query-input":{"@type":"PropertyValueSpecification","valueRequired":true,"valueName":"search_term_string"}}],"inLanguage":"de"}]}},"featured_image_src":null,"featured_image_src_square":null,"_links":{"self":[{"href":"https:\/\/www.pflegedienst-reichenbach.de\/index.php\/wp-json\/wp\/v2\/pages\/17","targetHints":{"allow":["GET"]}}],"collection":[{"href":"https:\/\/www.pflegedienst-reichenbach.de\/index.php\/wp-json\/wp\/v2\/pages"}],"about":[{"href":"https:\/\/www.pflegedienst-reichenbach.de\/index.php\/wp-json\/wp\/v2\/types\/page"}],"author":[{"embeddable":true,"href":"https:\/\/www.pflegedienst-reichenbach.de\/index.php\/wp-json\/wp\/v2\/users\/1"}],"replies":[{"embeddable":true,"href":"https:\/\/www.pflegedienst-reichenbach.de\/index.php\/wp-json\/wp\/v2\/comments?post=17"}],"version-history":[{"count":23,"href":"https:\/\/www.pflegedienst-reichenbach.de\/index.php\/wp-json\/wp\/v2\/pages\/17\/revisions"}],"predecessor-version":[{"id":3216,"href":"https:\/\/www.pflegedienst-reichenbach.de\/index.php\/wp-json\/wp\/v2\/pages\/17\/revisions\/3216"}],"wp:attachment":[{"href":"https:\/\/www.pflegedienst-reichenbach.de\/index.php\/wp-json\/wp\/v2\/media?parent=17"}],"curies":[{"name":"wp","href":"https:\/\/api.w.org\/{rel}","templated":true}]}}