{"id":15,"date":"2019-08-26T15:19:46","date_gmt":"2019-08-26T13:19:46","guid":{"rendered":"https:\/\/www.pflegedienst-reichenbach.de\/?page_id=15"},"modified":"2023-08-30T16:25:37","modified_gmt":"2023-08-30T14:25:37","slug":"startseite","status":"publish","type":"page","link":"https:\/\/www.pflegedienst-reichenbach.de\/","title":{"rendered":"Startseite"},"content":{"rendered":"\n<section class=\"bo-block-cta-section alignfull\" style=\"background-image: url('https:\/\/www.pflegedienst-reichenbach.de\/wp-content\/uploads\/2019\/08\/Pflegedienst_Reichenbach_72dpi.jpg'); background-position:center; background-attachment:scroll; background-color:#ffffff;\">\n\t<div class=\"bo-block-cta-overlay animated fadeIn\" style=\"background-color: rgba(0, 0, 0, 0.1);\">\n<div class=\"bo-block-cta-container\" style=\"padding-top:9%; padding-bottom:22%;justify-content: center\">\n<div class=\"bo-block-cta-wrapper animated fadeIn\" style=\"text-align:center\">\n\t\t\t\t\n                <h2 class=\"bo-block-cta-heading\" style=\"font-size: 65px; color:#00999c\"><span class=\"bo-block-cta-heading-mobile\">Herzlich Willkommen<\/span><\/h2>                <p class=\"bo-block-cta-text\" style=\"font-size:27px; color:#00999c\">auf der Internetseite vom Pflegedienst Reichenbach<\/p>\t\t            <\/div>\n        <\/div>   \n    <\/div>\n<\/section>\n\n\n<div style=\"background-color:#00999c;padding-bottom:0.5%;padding-top:0.5%\" class=\"wp-block-genesis-blocks-gb-container gb-block-container alignfull\"><div class=\"gb-container-inside\"><div class=\"gb-container-content\" style=\"max-width:1400px\">\n<p class=\"has-text-align-center has-text-color has-medium-font-size\" style=\"color:#ffffff\">S\u00fcdfeld 23-25 \u00b7 59174 Kamen-Heeren \u00b7 Tel. 02307\/43435 \u00b7 info@pflegedienst-reichenbach.de<\/p>\n<\/div><\/div><\/div>\n\n\n\n<div style=\"height:40px\" aria-hidden=\"true\" class=\"wp-block-spacer\"><\/div>\n\n\n\n<div class=\"slogan \">\n<h2 style=\"font-size:30px; color:#424A59;\">\n<span class=\"slogan-mobile\">Das Familienunternehmen Pflegedienst Reichenbach<br>f\u00fcr Sie \u00fcber 30 Jahre unterwegs<\/span><\/h2><span style=\"background:#00999c\"><\/span><\/div>\n\t\n\t\n\n\n<div class=\"wp-block-columns has-2-columns is-layout-flex wp-container-core-columns-is-layout-28f84493 wp-block-columns-is-layout-flex\">\n<div class=\"wp-block-column is-layout-flow wp-block-column-is-layout-flow\">\n<p>Der Pflegedienst Reichenbach wurde am 01.07.1993 von B\u00e4rbel \nReichenbach als privater Alten- und Krankenpflegedienst in Kamen \ngegr\u00fcndet. Es ist eine Einrichtung, die unter fachlicher Verantwortung \neiner ausgebildeten Krankenschwester Kranke und Pflegebed\u00fcrftige in \nihrer Wohnung geplant versorgt, pflegt und hauswirtschaftlich betreut.<\/p>\n\n\n\n<p>Unser Ziel ist es, den Menschen die wir pflegen und betreuen trotz \nihres Hilfebedarfs eine m\u00f6glichst eigenst\u00e4ndige und selbstbestimmende \nLebensf\u00fchrung zu erm\u00f6glichen, die der W\u00fcrde des Menschen entspricht. \nUnsere Pflege ist darauf ausgerichtet die k\u00f6rperlichen, geistigen und \nseelischen Kr\u00e4fte unserer Patienten zu erhalten, aber auch bestehende \nDefizite durch geeignete Pflegema\u00dfnahmen zu kompensieren. <\/p>\n<\/div>\n\n\n\n<div class=\"wp-block-column is-layout-flow wp-block-column-is-layout-flow\">\n<p>Die Herausforderungen, die die gesellschaftlichen Ver\u00e4nderungen mit \nsich bringen und der zunehmende steigende Pflegebedarf, l\u00e4sst viel Platz\n f\u00fcr unsere Weiterentwicklung und Angebote. Schwerpunktbereiche k\u00f6nnen \nweiterhin neu geformt werden.  <\/p>\n\n\n\n<p>Das Familienunternehmen Pflegedienst Reichenbach wird heute von mir, \nMandy Tappe, Hand in Hand mit meiner Mutter, B\u00e4rbel Koch-Reichenbach \ngef\u00fchrt. Wir unterst\u00fctzen uns um unsere Visionen zu verwirklichen. <\/p>\n\n\n\n<p>Bew\u00e4hrtes und Neues erg\u00e4nzen sich in idealer Weise und tragen \nma\u00dfgeblich dazu bei, die bew\u00e4hrten Unternehmensziele auch zuk\u00fcnftig zum \nWohle unserer Patienten umzusetzen.<\/p>\n<\/div>\n<\/div>\n\n\n\n<div style=\"height:50px\" aria-hidden=\"true\" class=\"wp-block-spacer\"><\/div>\n\n\n\n<p><\/p>\n","protected":false},"excerpt":{"rendered":"<p>Der Pflegedienst Reichenbach wurde am 01.07.1993 von B\u00e4rbel Reichenbach als privater Alten- und Krankenpflegedienst in Kamen gegr\u00fcndet. Es ist eine Einrichtung, die unter fachlicher Verantwortung einer [&#8230;] <\/p>\n","protected":false},"author":1,"featured_media":0,"parent":0,"menu_order":0,"comment_status":"closed","ping_status":"closed","template":"homepage.php","meta":{"footnotes":""},"class_list":["post-15","page","type-page","status-publish","hentry"],"yoast_head":"<!-- This site is optimized with the Yoast SEO plugin v24.0 - https:\/\/yoast.com\/wordpress\/plugins\/seo\/ -->\n<title>Startseite - Pflegedienst Reichenbach GmbH<\/title>\n<meta name=\"description\" content=\"Der Pflegedienst Reichenbach in Kamen betreut seit \u00fcber 30 Jahren hilfe- und pflegebed\u00fcrftige Menschen in ihrem pers\u00f6nlichen Umfeld.\" \/>\n<meta name=\"robots\" content=\"index, follow, max-snippet:-1, max-image-preview:large, max-video-preview:-1\" \/>\n<link rel=\"canonical\" href=\"https:\/\/www.pflegedienst-reichenbach.de\/\" \/>\n<meta property=\"og:locale\" content=\"de_DE\" \/>\n<meta property=\"og:type\" content=\"article\" \/>\n<meta property=\"og:title\" content=\"Startseite - Pflegedienst Reichenbach GmbH\" \/>\n<meta property=\"og:description\" content=\"Der Pflegedienst Reichenbach in Kamen betreut seit \u00fcber 30 Jahren hilfe- und pflegebed\u00fcrftige Menschen in ihrem pers\u00f6nlichen Umfeld.\" \/>\n<meta property=\"og:url\" content=\"https:\/\/www.pflegedienst-reichenbach.de\/\" \/>\n<meta property=\"og:site_name\" content=\"Pflegedienst Reichenbach GmbH\" \/>\n<meta property=\"article:modified_time\" content=\"2023-08-30T14:25:37+00:00\" \/>\n<meta name=\"twitter:card\" content=\"summary_large_image\" \/>\n<meta name=\"twitter:label1\" content=\"Gesch\u00e4tzte Lesezeit\" \/>\n\t<meta name=\"twitter:data1\" content=\"2\u00a0Minuten\" \/>\n<script type=\"application\/ld+json\" class=\"yoast-schema-graph\">{\"@context\":\"https:\/\/schema.org\",\"@graph\":[{\"@type\":\"WebPage\",\"@id\":\"https:\/\/www.pflegedienst-reichenbach.de\/\",\"url\":\"https:\/\/www.pflegedienst-reichenbach.de\/\",\"name\":\"Startseite - Pflegedienst Reichenbach GmbH\",\"isPartOf\":{\"@id\":\"https:\/\/www.pflegedienst-reichenbach.de\/#website\"},\"datePublished\":\"2019-08-26T13:19:46+00:00\",\"dateModified\":\"2023-08-30T14:25:37+00:00\",\"description\":\"Der Pflegedienst Reichenbach in Kamen betreut seit \u00fcber 30 Jahren hilfe- und pflegebed\u00fcrftige Menschen in ihrem pers\u00f6nlichen Umfeld.\",\"breadcrumb\":{\"@id\":\"https:\/\/www.pflegedienst-reichenbach.de\/#breadcrumb\"},\"inLanguage\":\"de\",\"potentialAction\":[{\"@type\":\"ReadAction\",\"target\":[\"https:\/\/www.pflegedienst-reichenbach.de\/\"]}]},{\"@type\":\"BreadcrumbList\",\"@id\":\"https:\/\/www.pflegedienst-reichenbach.de\/#breadcrumb\",\"itemListElement\":[{\"@type\":\"ListItem\",\"position\":1,\"name\":\"Startseite\",\"item\":\"https:\/\/www.pflegedienst-reichenbach.de\/\"},{\"@type\":\"ListItem\",\"position\":2,\"name\":\"Startseite\"}]},{\"@type\":\"WebSite\",\"@id\":\"https:\/\/www.pflegedienst-reichenbach.de\/#website\",\"url\":\"https:\/\/www.pflegedienst-reichenbach.de\/\",\"name\":\"Pflegedienst Reichenbach GmbH\",\"description\":\"\u00dcber 30 Jahren f\u00fcr Sie unterwegs!\",\"potentialAction\":[{\"@type\":\"SearchAction\",\"target\":{\"@type\":\"EntryPoint\",\"urlTemplate\":\"https:\/\/www.pflegedienst-reichenbach.de\/?s={search_term_string}\"},\"query-input\":{\"@type\":\"PropertyValueSpecification\",\"valueRequired\":true,\"valueName\":\"search_term_string\"}}],\"inLanguage\":\"de\"}]}<\/script>\n<!-- \/ Yoast SEO plugin. -->","yoast_head_json":{"title":"Startseite - Pflegedienst Reichenbach GmbH","description":"Der Pflegedienst Reichenbach in Kamen betreut seit \u00fcber 30 Jahren hilfe- und pflegebed\u00fcrftige Menschen in ihrem pers\u00f6nlichen Umfeld.","robots":{"index":"index","follow":"follow","max-snippet":"max-snippet:-1","max-image-preview":"max-image-preview:large","max-video-preview":"max-video-preview:-1"},"canonical":"https:\/\/www.pflegedienst-reichenbach.de\/","og_locale":"de_DE","og_type":"article","og_title":"Startseite - Pflegedienst Reichenbach GmbH","og_description":"Der Pflegedienst Reichenbach in Kamen betreut seit \u00fcber 30 Jahren hilfe- und pflegebed\u00fcrftige Menschen in ihrem pers\u00f6nlichen Umfeld.","og_url":"https:\/\/www.pflegedienst-reichenbach.de\/","og_site_name":"Pflegedienst Reichenbach GmbH","article_modified_time":"2023-08-30T14:25:37+00:00","twitter_card":"summary_large_image","twitter_misc":{"Gesch\u00e4tzte Lesezeit":"2\u00a0Minuten"},"schema":{"@context":"https:\/\/schema.org","@graph":[{"@type":"WebPage","@id":"https:\/\/www.pflegedienst-reichenbach.de\/","url":"https:\/\/www.pflegedienst-reichenbach.de\/","name":"Startseite - Pflegedienst Reichenbach GmbH","isPartOf":{"@id":"https:\/\/www.pflegedienst-reichenbach.de\/#website"},"datePublished":"2019-08-26T13:19:46+00:00","dateModified":"2023-08-30T14:25:37+00:00","description":"Der Pflegedienst Reichenbach in Kamen betreut seit \u00fcber 30 Jahren hilfe- und pflegebed\u00fcrftige Menschen in ihrem pers\u00f6nlichen Umfeld.","breadcrumb":{"@id":"https:\/\/www.pflegedienst-reichenbach.de\/#breadcrumb"},"inLanguage":"de","potentialAction":[{"@type":"ReadAction","target":["https:\/\/www.pflegedienst-reichenbach.de\/"]}]},{"@type":"BreadcrumbList","@id":"https:\/\/www.pflegedienst-reichenbach.de\/#breadcrumb","itemListElement":[{"@type":"ListItem","position":1,"name":"Startseite","item":"https:\/\/www.pflegedienst-reichenbach.de\/"},{"@type":"ListItem","position":2,"name":"Startseite"}]},{"@type":"WebSite","@id":"https:\/\/www.pflegedienst-reichenbach.de\/#website","url":"https:\/\/www.pflegedienst-reichenbach.de\/","name":"Pflegedienst Reichenbach GmbH","description":"\u00dcber 30 Jahren f\u00fcr Sie unterwegs!","potentialAction":[{"@type":"SearchAction","target":{"@type":"EntryPoint","urlTemplate":"https:\/\/www.pflegedienst-reichenbach.de\/?s={search_term_string}"},"query-input":{"@type":"PropertyValueSpecification","valueRequired":true,"valueName":"search_term_string"}}],"inLanguage":"de"}]}},"featured_image_src":null,"featured_image_src_square":null,"_links":{"self":[{"href":"https:\/\/www.pflegedienst-reichenbach.de\/index.php\/wp-json\/wp\/v2\/pages\/15","targetHints":{"allow":["GET"]}}],"collection":[{"href":"https:\/\/www.pflegedienst-reichenbach.de\/index.php\/wp-json\/wp\/v2\/pages"}],"about":[{"href":"https:\/\/www.pflegedienst-reichenbach.de\/index.php\/wp-json\/wp\/v2\/types\/page"}],"author":[{"embeddable":true,"href":"https:\/\/www.pflegedienst-reichenbach.de\/index.php\/wp-json\/wp\/v2\/users\/1"}],"replies":[{"embeddable":true,"href":"https:\/\/www.pflegedienst-reichenbach.de\/index.php\/wp-json\/wp\/v2\/comments?post=15"}],"version-history":[{"count":15,"href":"https:\/\/www.pflegedienst-reichenbach.de\/index.php\/wp-json\/wp\/v2\/pages\/15\/revisions"}],"predecessor-version":[{"id":3219,"href":"https:\/\/www.pflegedienst-reichenbach.de\/index.php\/wp-json\/wp\/v2\/pages\/15\/revisions\/3219"}],"wp:attachment":[{"href":"https:\/\/www.pflegedienst-reichenbach.de\/index.php\/wp-json\/wp\/v2\/media?parent=15"}],"curies":[{"name":"wp","href":"https:\/\/api.w.org\/{rel}","templated":true}]}}